{"id":843,"date":"2023-01-28T20:44:07","date_gmt":"2023-01-28T19:44:07","guid":{"rendered":"https:\/\/www.scbrunn.com\/cms\/?page_id=843"},"modified":"2023-05-12T19:55:21","modified_gmt":"2023-05-12T17:55:21","slug":"impressum","status":"publish","type":"page","link":"https:\/\/www.scbrunn.com\/cms\/impressum\/","title":{"rendered":"Impressum"},"content":{"rendered":"\t\t<div data-elementor-type=\"wp-page\" data-elementor-id=\"843\" class=\"elementor elementor-843\" data-elementor-post-type=\"page\">\n\t\t\t\t\t\t\t\t\t<section class=\"elementor-section elementor-top-section elementor-element elementor-element-28face64 elementor-section-boxed elementor-section-height-default elementor-section-height-default\" data-id=\"28face64\" data-element_type=\"section\" data-settings=\"{&quot;background_background&quot;:&quot;classic&quot;}\">\n\t\t\t\t\t\t<div class=\"elementor-container elementor-column-gap-narrow\">\n\t\t\t\t\t<div class=\"elementor-column elementor-col-16 elementor-top-column elementor-element elementor-element-7b1847a9\" data-id=\"7b1847a9\" data-element_type=\"column\">\n\t\t\t<div class=\"elementor-widget-wrap\">\n\t\t\t\t\t\t\t\t\t<\/div>\n\t\t<\/div>\n\t\t\t\t<div class=\"elementor-column elementor-col-16 elementor-top-column elementor-element elementor-element-158aa7f3\" data-id=\"158aa7f3\" data-element_type=\"column\" data-settings=\"{&quot;background_background&quot;:&quot;classic&quot;}\">\n\t\t\t<div class=\"elementor-widget-wrap elementor-element-populated\">\n\t\t\t\t\t\t\t\t<div class=\"elementor-element elementor-element-cffcc9e elementor-widget elementor-widget-text-editor\" data-id=\"cffcc9e\" data-element_type=\"widget\" data-widget_type=\"text-editor.default\">\n\t\t\t\t<div class=\"elementor-widget-container\">\n\t\t\t<style>\/*! elementor - v3.15.0 - 20-08-2023 *\/\n.elementor-widget-text-editor.elementor-drop-cap-view-stacked .elementor-drop-cap{background-color:#69727d;color:#fff}.elementor-widget-text-editor.elementor-drop-cap-view-framed .elementor-drop-cap{color:#69727d;border:3px solid;background-color:transparent}.elementor-widget-text-editor:not(.elementor-drop-cap-view-default) .elementor-drop-cap{margin-top:8px}.elementor-widget-text-editor:not(.elementor-drop-cap-view-default) .elementor-drop-cap-letter{width:1em;height:1em}.elementor-widget-text-editor .elementor-drop-cap{float:left;text-align:center;line-height:1;font-size:50px}.elementor-widget-text-editor .elementor-drop-cap-letter{display:inline-block}<\/style>\t\t\t\t<h1><strong>Impressum:<\/strong><\/h1>\n<p>SC Brunn am Gebirge<br>Vereinsregisternummer: 312138748<br>Josef Hof Gasse 4<br>2345 Brunn am Gebirge<\/p><p>E-Mail: office@scbrunn.com<\/p>\n<p>Verantwortlich f\u00fcr den Inhalt: Vorstand des SC Brunn am Gebirge<\/p>\n<p>Pr\u00e4sident: Fritz Mladosevits<br>Obmann: Ing. Robert Schiener<\/p>\n<p>Inhalt:<br>Webauftritt des Sportclubs Brunn am Gebirge<\/p>\n<p>Haftungshinweis:<br>Trotz sorgf\u00e4ltiger inhaltlicher Kontrolle \u00fcbernehmen wir keine Haftung f\u00fcr die Inhalte externer Links. <br>F\u00fcr den Inhalt der verlinkten Seiten sind ausschlie\u00dflich deren Betreiber verantwortlich.<\/p>\n<p>Copyright \u00a9 2023 by <b>SC &#8211; Brunn am Gebirge<\/b>; Alle Rechte vorbehalten<\/p>\t\t\t\t\t\t<\/div>\n\t\t\t\t<\/div>\n\t\t\t\t\t<\/div>\n\t\t<\/div>\n\t\t\t\t<div class=\"elementor-column elementor-col-66 elementor-top-column elementor-element elementor-element-4a033db3\" data-id=\"4a033db3\" data-element_type=\"column\">\n\t\t\t<div class=\"elementor-widget-wrap\">\n\t\t\t\t\t\t\t\t\t<\/div>\n\t\t<\/div>\n\t\t\t\t\t\t\t<\/div>\n\t\t<\/section>\n\t\t\t\t\t\t\t<\/div>\n\t\t","protected":false},"excerpt":{"rendered":"<p>Impressum: SC Brunn am GebirgeVereinsregisternummer: 312138748Josef Hof Gasse 42345 Brunn am Gebirge E-Mail: office@scbrunn.com Verantwortlich f\u00fcr den Inhalt: Vorstand des SC Brunn am Gebirge Pr\u00e4sident: Fritz MladosevitsObmann: Ing. Robert Schiener Inhalt:Webauftritt des Sportclubs Brunn am Gebirge Haftungshinweis:Trotz sorgf\u00e4ltiger inhaltlicher Kontrolle \u00fcbernehmen wir keine Haftung f\u00fcr die Inhalte externer Links. F\u00fcr den Inhalt der verlinkten Seiten [&hellip;]<\/p>\n","protected":false},"author":1,"featured_media":0,"parent":0,"menu_order":0,"comment_status":"closed","ping_status":"closed","template":"","meta":{"footnotes":""},"class_list":["post-843","page","type-page","status-publish","hentry","entry"],"_links":{"self":[{"href":"https:\/\/www.scbrunn.com\/cms\/wp-json\/wp\/v2\/pages\/843","targetHints":{"allow":["GET"]}}],"collection":[{"href":"https:\/\/www.scbrunn.com\/cms\/wp-json\/wp\/v2\/pages"}],"about":[{"href":"https:\/\/www.scbrunn.com\/cms\/wp-json\/wp\/v2\/types\/page"}],"author":[{"embeddable":true,"href":"https:\/\/www.scbrunn.com\/cms\/wp-json\/wp\/v2\/users\/1"}],"replies":[{"embeddable":true,"href":"https:\/\/www.scbrunn.com\/cms\/wp-json\/wp\/v2\/comments?post=843"}],"version-history":[{"count":13,"href":"https:\/\/www.scbrunn.com\/cms\/wp-json\/wp\/v2\/pages\/843\/revisions"}],"predecessor-version":[{"id":2773,"href":"https:\/\/www.scbrunn.com\/cms\/wp-json\/wp\/v2\/pages\/843\/revisions\/2773"}],"wp:attachment":[{"href":"https:\/\/www.scbrunn.com\/cms\/wp-json\/wp\/v2\/media?parent=843"}],"curies":[{"name":"wp","href":"https:\/\/api.w.org\/{rel}","templated":true}]}}