{"id":12,"date":"2023-01-25T11:58:55","date_gmt":"2023-01-25T10:58:55","guid":{"rendered":"http:\/\/www.scbrunn.com\/cms\/?page_id=12"},"modified":"2023-05-12T19:23:08","modified_gmt":"2023-05-12T17:23:08","slug":"jugend","status":"publish","type":"page","link":"https:\/\/www.scbrunn.com\/cms\/jugend\/","title":{"rendered":"Jugend"},"content":{"rendered":"\t\t<div data-elementor-type=\"wp-page\" data-elementor-id=\"12\" class=\"elementor elementor-12\" data-elementor-post-type=\"page\">\n\t\t\t\t\t\t\t\t\t<section class=\"elementor-section elementor-top-section elementor-element elementor-element-578f3782 elementor-section-boxed elementor-section-height-default elementor-section-height-default\" data-id=\"578f3782\" data-element_type=\"section\" data-settings=\"{&quot;background_background&quot;:&quot;classic&quot;}\">\n\t\t\t\t\t\t<div class=\"elementor-container elementor-column-gap-narrow\">\n\t\t\t\t\t<div class=\"elementor-column elementor-col-16 elementor-top-column elementor-element elementor-element-4a26a813\" data-id=\"4a26a813\" data-element_type=\"column\">\n\t\t\t<div class=\"elementor-widget-wrap\">\n\t\t\t\t\t\t\t\t\t<\/div>\n\t\t<\/div>\n\t\t\t\t<div class=\"elementor-column elementor-col-16 elementor-top-column elementor-element elementor-element-40764c2d\" data-id=\"40764c2d\" data-element_type=\"column\" data-settings=\"{&quot;background_background&quot;:&quot;classic&quot;}\">\n\t\t\t<div class=\"elementor-widget-wrap elementor-element-populated\">\n\t\t\t\t\t\t\t\t<section class=\"elementor-section elementor-inner-section elementor-element elementor-element-6d0a9b8 elementor-section-boxed elementor-section-height-default elementor-section-height-default\" data-id=\"6d0a9b8\" data-element_type=\"section\">\n\t\t\t\t\t\t<div class=\"elementor-container elementor-column-gap-default\">\n\t\t\t\t\t<div class=\"elementor-column elementor-col-50 elementor-inner-column elementor-element elementor-element-e01049b\" data-id=\"e01049b\" data-element_type=\"column\">\n\t\t\t<div class=\"elementor-widget-wrap elementor-element-populated\">\n\t\t\t\t\t\t\t\t<div class=\"elementor-element elementor-element-6850b65 elementor-widget elementor-widget-text-editor\" data-id=\"6850b65\" data-element_type=\"widget\" data-widget_type=\"text-editor.default\">\n\t\t\t\t<div class=\"elementor-widget-container\">\n\t\t\t<style>\/*! elementor - v3.15.0 - 20-08-2023 *\/\n.elementor-widget-text-editor.elementor-drop-cap-view-stacked .elementor-drop-cap{background-color:#69727d;color:#fff}.elementor-widget-text-editor.elementor-drop-cap-view-framed .elementor-drop-cap{color:#69727d;border:3px solid;background-color:transparent}.elementor-widget-text-editor:not(.elementor-drop-cap-view-default) .elementor-drop-cap{margin-top:8px}.elementor-widget-text-editor:not(.elementor-drop-cap-view-default) .elementor-drop-cap-letter{width:1em;height:1em}.elementor-widget-text-editor .elementor-drop-cap{float:left;text-align:center;line-height:1;font-size:50px}.elementor-widget-text-editor .elementor-drop-cap-letter{display:inline-block}<\/style>\t\t\t\t<p style=\"text-align: center;\"><a href=\"https:\/\/www.scbrunn.com\/cms\/jugendkontakt\/\">Sie wollen erfahren, wie Sie mit uns in Kontakt treten k\u00f6nnen, um Ihr Kind dem Traum vom Fu\u00dfballspielen zu erm\u00f6glichen? Dann sind Sie hier richtig.<\/a><\/p><p style=\"text-align: center;\"><a href=\"https:\/\/www.scbrunn.com\/cms\/jugendkontakt\/\">Hier gehts weiter!<\/a><\/p>\t\t\t\t\t\t<\/div>\n\t\t\t\t<\/div>\n\t\t\t\t\t<\/div>\n\t\t<\/div>\n\t\t\t\t<div class=\"elementor-column elementor-col-50 elementor-inner-column elementor-element elementor-element-738573d\" data-id=\"738573d\" data-element_type=\"column\">\n\t\t\t<div class=\"elementor-widget-wrap elementor-element-populated\">\n\t\t\t\t\t\t\t\t<div class=\"elementor-element elementor-element-9448081 elementor-widget elementor-widget-text-editor\" data-id=\"9448081\" data-element_type=\"widget\" data-widget_type=\"text-editor.default\">\n\t\t\t\t<div class=\"elementor-widget-container\">\n\t\t\t\t\t\t\t<p style=\"text-align: center;\"><a href=\"https:\/\/www.scbrunn.com\/cms\/jugendmannschaften\/\">Hier geht es zu unseren Jugendmannschaften<\/a><\/p>\t\t\t\t\t\t<\/div>\n\t\t\t\t<\/div>\n\t\t\t\t<div class=\"elementor-element elementor-element-e97ae56 elementor-widget elementor-widget-image-carousel\" data-id=\"e97ae56\" data-element_type=\"widget\" data-settings=\"{&quot;slides_to_show&quot;:&quot;1&quot;,&quot;navigation&quot;:&quot;none&quot;,&quot;autoplay_speed&quot;:1000,&quot;autoplay&quot;:&quot;yes&quot;,&quot;pause_on_hover&quot;:&quot;yes&quot;,&quot;pause_on_interaction&quot;:&quot;yes&quot;,&quot;infinite&quot;:&quot;yes&quot;,&quot;effect&quot;:&quot;slide&quot;,&quot;speed&quot;:500}\" data-widget_type=\"image-carousel.default\">\n\t\t\t\t<div class=\"elementor-widget-container\">\n\t\t\t<style>\/*! elementor - v3.15.0 - 20-08-2023 *\/\n.elementor-widget-image-carousel .swiper,.elementor-widget-image-carousel .swiper-container{position:static}.elementor-widget-image-carousel .swiper-container .swiper-slide figure,.elementor-widget-image-carousel .swiper .swiper-slide figure{line-height:inherit}.elementor-widget-image-carousel .swiper-slide{text-align:center}.elementor-image-carousel-wrapper:not(.swiper-container-initialized):not(.swiper-initialized) .swiper-slide{max-width:calc(100% \/ var(--e-image-carousel-slides-to-show, 3))}<\/style>\t\t<div class=\"elementor-image-carousel-wrapper swiper-container\" dir=\"ltr\">\n\t\t\t<div class=\"elementor-image-carousel swiper-wrapper\" aria-live=\"off\">\n\t\t\t\t\t\t\t\t<div class=\"swiper-slide\" role=\"group\" aria-roledescription=\"slide\" aria-label=\"1 of 13\"><a href=\"https:\/\/www.scbrunn.com\/cms\/jugendmannschaften\/\"><figure class=\"swiper-slide-inner\"><img decoding=\"async\" class=\"swiper-slide-image\" src=\"https:\/\/www.scbrunn.com\/cms\/wp-content\/uploads\/2023\/01\/u7-300x169.jpg\" alt=\"u7\" \/><\/figure><\/a><\/div><div class=\"swiper-slide\" role=\"group\" aria-roledescription=\"slide\" aria-label=\"2 of 13\"><a href=\"https:\/\/www.scbrunn.com\/cms\/jugendmannschaften\/\"><figure class=\"swiper-slide-inner\"><img decoding=\"async\" class=\"swiper-slide-image\" src=\"https:\/\/www.scbrunn.com\/cms\/wp-content\/uploads\/2023\/01\/u8-300x169.jpg\" alt=\"u8\" \/><\/figure><\/a><\/div><div class=\"swiper-slide\" role=\"group\" aria-roledescription=\"slide\" aria-label=\"3 of 13\"><a href=\"https:\/\/www.scbrunn.com\/cms\/jugendmannschaften\/\"><figure class=\"swiper-slide-inner\"><img decoding=\"async\" class=\"swiper-slide-image\" src=\"https:\/\/www.scbrunn.com\/cms\/wp-content\/uploads\/2023\/01\/u9_ladies-300x169.jpg\" alt=\"u9_ladies\" \/><\/figure><\/a><\/div><div class=\"swiper-slide\" role=\"group\" aria-roledescription=\"slide\" aria-label=\"4 of 13\"><a href=\"https:\/\/www.scbrunn.com\/cms\/jugendmannschaften\/\"><figure class=\"swiper-slide-inner\"><img decoding=\"async\" class=\"swiper-slide-image\" src=\"https:\/\/www.scbrunn.com\/cms\/wp-content\/uploads\/2023\/01\/u9-300x169.jpg\" alt=\"u9\" \/><\/figure><\/a><\/div><div class=\"swiper-slide\" role=\"group\" aria-roledescription=\"slide\" aria-label=\"5 of 13\"><a href=\"https:\/\/www.scbrunn.com\/cms\/jugendmannschaften\/\"><figure class=\"swiper-slide-inner\"><img decoding=\"async\" class=\"swiper-slide-image\" src=\"https:\/\/www.scbrunn.com\/cms\/wp-content\/uploads\/2023\/01\/u10_a-300x169.jpg\" alt=\"u10_a\" \/><\/figure><\/a><\/div><div class=\"swiper-slide\" role=\"group\" aria-roledescription=\"slide\" aria-label=\"6 of 13\"><a href=\"https:\/\/www.scbrunn.com\/cms\/jugendmannschaften\/\"><figure class=\"swiper-slide-inner\"><img decoding=\"async\" class=\"swiper-slide-image\" src=\"https:\/\/www.scbrunn.com\/cms\/wp-content\/uploads\/2023\/01\/u11_ladies-300x169.jpg\" alt=\"u11_ladies\" \/><\/figure><\/a><\/div><div class=\"swiper-slide\" role=\"group\" aria-roledescription=\"slide\" aria-label=\"7 of 13\"><a href=\"https:\/\/www.scbrunn.com\/cms\/jugendmannschaften\/\"><figure class=\"swiper-slide-inner\"><img decoding=\"async\" class=\"swiper-slide-image\" src=\"https:\/\/www.scbrunn.com\/cms\/wp-content\/uploads\/2023\/01\/u11-300x169.jpg\" alt=\"u11\" \/><\/figure><\/a><\/div><div class=\"swiper-slide\" role=\"group\" aria-roledescription=\"slide\" aria-label=\"8 of 13\"><a href=\"https:\/\/www.scbrunn.com\/cms\/jugendmannschaften\/\"><figure class=\"swiper-slide-inner\"><img decoding=\"async\" class=\"swiper-slide-image\" src=\"https:\/\/www.scbrunn.com\/cms\/wp-content\/uploads\/2023\/01\/u12_a-300x168.jpg\" alt=\"u12_a\" \/><\/figure><\/a><\/div><div class=\"swiper-slide\" role=\"group\" aria-roledescription=\"slide\" aria-label=\"9 of 13\"><a href=\"https:\/\/www.scbrunn.com\/cms\/jugendmannschaften\/\"><figure class=\"swiper-slide-inner\"><img decoding=\"async\" class=\"swiper-slide-image\" src=\"https:\/\/www.scbrunn.com\/cms\/wp-content\/uploads\/2023\/01\/u13-300x169.jpg\" alt=\"u13\" \/><\/figure><\/a><\/div><div class=\"swiper-slide\" role=\"group\" aria-roledescription=\"slide\" aria-label=\"10 of 13\"><a href=\"https:\/\/www.scbrunn.com\/cms\/jugendmannschaften\/\"><figure class=\"swiper-slide-inner\"><img decoding=\"async\" class=\"swiper-slide-image\" src=\"https:\/\/www.scbrunn.com\/cms\/wp-content\/uploads\/2023\/01\/u14_ladies-300x169.jpg\" alt=\"u14_ladies\" \/><\/figure><\/a><\/div><div class=\"swiper-slide\" role=\"group\" aria-roledescription=\"slide\" aria-label=\"11 of 13\"><a href=\"https:\/\/www.scbrunn.com\/cms\/jugendmannschaften\/\"><figure class=\"swiper-slide-inner\"><img decoding=\"async\" class=\"swiper-slide-image\" src=\"https:\/\/www.scbrunn.com\/cms\/wp-content\/uploads\/2023\/01\/u14-300x169.jpg\" alt=\"u14\" \/><\/figure><\/a><\/div><div class=\"swiper-slide\" role=\"group\" aria-roledescription=\"slide\" aria-label=\"12 of 13\"><a href=\"https:\/\/www.scbrunn.com\/cms\/jugendmannschaften\/\"><figure class=\"swiper-slide-inner\"><img decoding=\"async\" class=\"swiper-slide-image\" src=\"https:\/\/www.scbrunn.com\/cms\/wp-content\/uploads\/2023\/01\/u15-300x169.png\" alt=\"u15\" \/><\/figure><\/a><\/div><div class=\"swiper-slide\" role=\"group\" aria-roledescription=\"slide\" aria-label=\"13 of 13\"><a href=\"https:\/\/www.scbrunn.com\/cms\/jugendmannschaften\/\"><figure class=\"swiper-slide-inner\"><img decoding=\"async\" class=\"swiper-slide-image\" src=\"https:\/\/www.scbrunn.com\/cms\/wp-content\/uploads\/2023\/01\/u16_ladies-300x169.jpg\" alt=\"u16_ladies\" \/><\/figure><\/a><\/div>\t\t\t<\/div>\n\t\t\t\t\t\t\t\n\t\t\t\t\t\t\t\t\t<\/div>\n\t\t\t\t<\/div>\n\t\t\t\t<\/div>\n\t\t\t\t\t<\/div>\n\t\t<\/div>\n\t\t\t\t\t\t\t<\/div>\n\t\t<\/section>\n\t\t\t\t\t<\/div>\n\t\t<\/div>\n\t\t\t\t<div class=\"elementor-column elementor-col-66 elementor-top-column elementor-element elementor-element-28df1ed\" data-id=\"28df1ed\" data-element_type=\"column\">\n\t\t\t<div class=\"elementor-widget-wrap\">\n\t\t\t\t\t\t\t\t\t<\/div>\n\t\t<\/div>\n\t\t\t\t\t\t\t<\/div>\n\t\t<\/section>\n\t\t\t\t\t\t\t<\/div>\n\t\t","protected":false},"excerpt":{"rendered":"<p>Sie wollen erfahren, wie Sie mit uns in Kontakt treten k\u00f6nnen, um Ihr Kind dem Traum vom Fu\u00dfballspielen zu erm\u00f6glichen? Dann sind Sie hier richtig. Hier gehts weiter! Hier geht es zu unseren Jugendmannschaften<\/p>\n","protected":false},"author":1,"featured_media":0,"parent":0,"menu_order":0,"comment_status":"closed","ping_status":"closed","template":"","meta":{"footnotes":""},"class_list":["post-12","page","type-page","status-publish","hentry","entry"],"_links":{"self":[{"href":"https:\/\/www.scbrunn.com\/cms\/wp-json\/wp\/v2\/pages\/12","targetHints":{"allow":["GET"]}}],"collection":[{"href":"https:\/\/www.scbrunn.com\/cms\/wp-json\/wp\/v2\/pages"}],"about":[{"href":"https:\/\/www.scbrunn.com\/cms\/wp-json\/wp\/v2\/types\/page"}],"author":[{"embeddable":true,"href":"https:\/\/www.scbrunn.com\/cms\/wp-json\/wp\/v2\/users\/1"}],"replies":[{"embeddable":true,"href":"https:\/\/www.scbrunn.com\/cms\/wp-json\/wp\/v2\/comments?post=12"}],"version-history":[{"count":13,"href":"https:\/\/www.scbrunn.com\/cms\/wp-json\/wp\/v2\/pages\/12\/revisions"}],"predecessor-version":[{"id":2744,"href":"https:\/\/www.scbrunn.com\/cms\/wp-json\/wp\/v2\/pages\/12\/revisions\/2744"}],"wp:attachment":[{"href":"https:\/\/www.scbrunn.com\/cms\/wp-json\/wp\/v2\/media?parent=12"}],"curies":[{"name":"wp","href":"https:\/\/api.w.org\/{rel}","templated":true}]}}